{"id":623,"date":"2023-08-02T15:41:46","date_gmt":"2023-08-02T15:41:46","guid":{"rendered":"https:\/\/ranchoelesfuerzo.com\/?page_id=623"},"modified":"2023-08-02T15:47:51","modified_gmt":"2023-08-02T15:47:51","slug":"pastoreo-no-selectivo","status":"publish","type":"page","link":"https:\/\/ranchoelesfuerzo.com\/index.php\/pastoreo-no-selectivo\/","title":{"rendered":"Pastoreo &#8220;No Selectivo&#8221;"},"content":{"rendered":"\t\t<div data-elementor-type=\"wp-page\" data-elementor-id=\"623\" class=\"elementor elementor-623\" data-elementor-post-type=\"page\">\n\t\t\t\t\t\t\t\t\t<section class=\"elementor-section elementor-top-section elementor-element elementor-element-209c7516 elementor-section-content-middle elementor-section-boxed elementor-section-height-default elementor-section-height-default\" data-id=\"209c7516\" data-element_type=\"section\">\n\t\t\t\t\t\t<div class=\"elementor-container elementor-column-gap-no\">\n\t\t\t\t\t<div class=\"elementor-column elementor-col-100 elementor-top-column elementor-element elementor-element-57f64970\" data-id=\"57f64970\" data-element_type=\"column\">\n\t\t\t<div class=\"elementor-widget-wrap elementor-element-populated\">\n\t\t\t\t\t\t\t\t<div class=\"elementor-element elementor-element-7366ef91 elementor-widget elementor-widget-image\" data-id=\"7366ef91\" data-element_type=\"widget\" data-widget_type=\"image.default\">\n\t\t\t\t<div class=\"elementor-widget-container\">\n\t\t\t<style>\/*! elementor - v3.14.0 - 26-06-2023 *\/\n.elementor-widget-image{text-align:center}.elementor-widget-image a{display:inline-block}.elementor-widget-image a img[src$=\".svg\"]{width:48px}.elementor-widget-image img{vertical-align:middle;display:inline-block}<\/style>\t\t\t\t\t\t\t\t\t\t\t\t<img loading=\"lazy\" decoding=\"async\" width=\"900\" height=\"547\" src=\"https:\/\/ranchoelesfuerzo.com\/wp-content\/uploads\/2023\/07\/PHOTO-2023-04-29-07-07-04.jpg\" class=\"attachment-full size-full wp-image-411\" alt=\"\" srcset=\"https:\/\/ranchoelesfuerzo.com\/wp-content\/uploads\/2023\/07\/PHOTO-2023-04-29-07-07-04.jpg 900w, https:\/\/ranchoelesfuerzo.com\/wp-content\/uploads\/2023\/07\/PHOTO-2023-04-29-07-07-04-300x182.jpg 300w, https:\/\/ranchoelesfuerzo.com\/wp-content\/uploads\/2023\/07\/PHOTO-2023-04-29-07-07-04-768x467.jpg 768w\" sizes=\"(max-width: 900px) 100vw, 900px\" \/>\t\t\t\t\t\t\t\t\t\t\t\t\t\t\t<\/div>\n\t\t\t\t<\/div>\n\t\t\t\t<div class=\"elementor-element elementor-element-5cf15983 elementor-widget elementor-widget-heading\" data-id=\"5cf15983\" data-element_type=\"widget\" data-widget_type=\"heading.default\">\n\t\t\t\t<div class=\"elementor-widget-container\">\n\t\t\t<style>\/*! elementor - v3.14.0 - 26-06-2023 *\/\n.elementor-heading-title{padding:0;margin:0;line-height:1}.elementor-widget-heading .elementor-heading-title[class*=elementor-size-]>a{color:inherit;font-size:inherit;line-height:inherit}.elementor-widget-heading .elementor-heading-title.elementor-size-small{font-size:15px}.elementor-widget-heading .elementor-heading-title.elementor-size-medium{font-size:19px}.elementor-widget-heading .elementor-heading-title.elementor-size-large{font-size:29px}.elementor-widget-heading .elementor-heading-title.elementor-size-xl{font-size:39px}.elementor-widget-heading .elementor-heading-title.elementor-size-xxl{font-size:59px}<\/style><h3 class=\"elementor-heading-title elementor-size-default\">\"Los beneficios de implementar el pastoreo no selectivo para la agricultura regenerativa\"<\/h3>\t\t<\/div>\n\t\t\t\t<\/div>\n\t\t\t\t<div class=\"elementor-element elementor-element-68044bce elementor-widget elementor-widget-text-editor\" data-id=\"68044bce\" data-element_type=\"widget\" data-widget_type=\"text-editor.default\">\n\t\t\t\t<div class=\"elementor-widget-container\">\n\t\t\t<style>\/*! elementor - v3.14.0 - 26-06-2023 *\/\n.elementor-widget-text-editor.elementor-drop-cap-view-stacked .elementor-drop-cap{background-color:#69727d;color:#fff}.elementor-widget-text-editor.elementor-drop-cap-view-framed .elementor-drop-cap{color:#69727d;border:3px solid;background-color:transparent}.elementor-widget-text-editor:not(.elementor-drop-cap-view-default) .elementor-drop-cap{margin-top:8px}.elementor-widget-text-editor:not(.elementor-drop-cap-view-default) .elementor-drop-cap-letter{width:1em;height:1em}.elementor-widget-text-editor .elementor-drop-cap{float:left;text-align:center;line-height:1;font-size:50px}.elementor-widget-text-editor .elementor-drop-cap-letter{display:inline-block}<\/style>\t\t\t\t<p>En el \u00e1mbito de la agricultura regenerativa, existe una pr\u00e1ctica poderosa y transformadora conocida como pastoreo no selectivo. Este enfoque de la gesti\u00f3n del ganado ofrece numerosos beneficios tanto para el medio ambiente como para la industria agr\u00edcola. En este completo art\u00edculo, profundizaremos en las diversas ventajas de implementar pr\u00e1cticas de pastoreo no selectivo, explorando c\u00f3mo pueden mejorar la salud del suelo, promover la biodiversidad y contribuir a la sostenibilidad general de los sistemas agr\u00edcolas.<\/p>\t\t\t\t\t\t<\/div>\n\t\t\t\t<\/div>\n\t\t\t\t<section class=\"elementor-section elementor-inner-section elementor-element elementor-element-39a961eb elementor-section-boxed elementor-section-height-default elementor-section-height-default\" data-id=\"39a961eb\" data-element_type=\"section\">\n\t\t\t\t\t\t<div class=\"elementor-container elementor-column-gap-default\">\n\t\t\t\t\t<div class=\"elementor-column elementor-col-50 elementor-inner-column elementor-element elementor-element-3f6ae6ec\" data-id=\"3f6ae6ec\" data-element_type=\"column\">\n\t\t\t<div class=\"elementor-widget-wrap elementor-element-populated\">\n\t\t\t\t\t\t\t\t<div class=\"elementor-element elementor-element-19f69c30 elementor-widget elementor-widget-text-editor\" data-id=\"19f69c30\" data-element_type=\"widget\" data-widget_type=\"text-editor.default\">\n\t\t\t\t<div class=\"elementor-widget-container\">\n\t\t\t\t\t\t\t<p><strong>1.-Comprender el pastoreo no selectivo<\/strong><\/p><p>El pastoreo no selectivo es un enfoque hol\u00edstico del manejo del ganado que implica permitir que los animales pastan libremente sin confinarlos a \u00e1reas espec\u00edficas. A diferencia de los m\u00e9todos de pastoreo convencionales, en los que los animales est\u00e1n confinados en espacios limitados y, a menudo, sobrepastorean especies de plantas espec\u00edficas, el pastoreo no selectivo alienta al ganado a pastar en una amplia variedad de vegetaci\u00f3n. Este enfoque imita los patrones de pastoreo naturales de los herb\u00edvoros salvajes y crea una relaci\u00f3n armoniosa entre los animales y su entorno.<\/p><p><strong>2.-Salud y fertilidad del suelo mejoradas<\/strong><\/p><p>Uno de los principales beneficios del pastoreo no selectivo es su impacto positivo en la salud y fertilidad del suelo. A medida que el ganado pasta en diversas especies de plantas, deposita materia org\u00e1nica y esti\u00e9rcol en todo el pastizal. Esta materia org\u00e1nica act\u00faa como fertilizante natural, enriqueciendo el suelo con nutrientes esenciales y promoviendo la actividad microbiana. El aumento de la actividad microbiana ayuda a descomponer la materia org\u00e1nica, liberando nutrientes que est\u00e1n f\u00e1cilmente disponibles para las plantas, fomentando as\u00ed un ecosistema de suelo saludable y f\u00e9rtil.<\/p><p><strong>3.-Promoci\u00f3n de la Biodiversidad<\/strong><\/p><p>El pastoreo no selectivo juega un papel crucial en la promoci\u00f3n de la biodiversidad dentro de las tierras de pastoreo. Al permitir que los animales pastan en varias plantas, este m\u00e9todo evita el dominio de ciertas especies de plantas y fomenta el crecimiento de una diversa gama de vegetaci\u00f3n. Como resultado, diferentes especies de plantas coexisten, creando un ecosistema equilibrado que sustenta una amplia variedad de vida silvestre e insectos. Esta biodiversidad es vital para mantener el equilibrio ecol\u00f3gico y la resiliencia dentro del paisaje agr\u00edcola.<\/p>\t\t\t\t\t\t<\/div>\n\t\t\t\t<\/div>\n\t\t\t\t\t<\/div>\n\t\t<\/div>\n\t\t\t\t<div class=\"elementor-column elementor-col-50 elementor-inner-column elementor-element elementor-element-29e7f1a7\" data-id=\"29e7f1a7\" data-element_type=\"column\">\n\t\t\t<div class=\"elementor-widget-wrap elementor-element-populated\">\n\t\t\t\t\t\t\t\t<div class=\"elementor-element elementor-element-3ceb1510 elementor-widget elementor-widget-text-editor\" data-id=\"3ceb1510\" data-element_type=\"widget\" data-widget_type=\"text-editor.default\">\n\t\t\t\t<div class=\"elementor-widget-container\">\n\t\t\t\t\t\t\t<p><strong>4.-Manejo de malezas y plagas<\/strong><\/p><p>La incorporaci\u00f3n del pastoreo no selectivo en las pr\u00e1cticas agr\u00edcolas tambi\u00e9n puede ser un m\u00e9todo eficaz para controlar las malas hierbas y las plagas. Cuando el ganado pasta en una amplia gama de plantas, naturalmente consume varias especies de malezas, evitando que se propaguen y compitan con plantas deseables. Adem\u00e1s, la presencia de ganado puede interrumpir los ciclos de vida de ciertas plagas, reduciendo sus poblaciones y minimizando la necesidad de pesticidas qu\u00edmicos.<\/p><p><strong>5.-Secuestro de carbono y mitigaci\u00f3n clim\u00e1tica<\/strong><\/p><p>El pastoreo no selectivo contribuye significativamente al secuestro de carbono, un proceso que implica capturar el di\u00f3xido de carbono atmosf\u00e9rico y almacenarlo en el suelo. A medida que las plantas crecen, absorben di\u00f3xido de carbono de la atm\u00f3sfera a trav\u00e9s de la fotos\u00edntesis. Cuando el ganado pasta en estas plantas, fomentan el rebrote, lo que resulta en una mayor captura de carbono. El carbono almacenado no solo beneficia la salud del suelo, sino que tambi\u00e9n juega un papel crucial en la mitigaci\u00f3n del cambio clim\u00e1tico al reducir las emisiones de gases de efecto invernadero.<\/p><p><strong>6.-Mejora de la salud y el comportamiento animal<\/strong><\/p><p>Permitir que el ganado se dedique al pastoreo no selectivo se alinea con sus instintos naturales, lo que resulta en una mejor salud y comportamiento animal. El ganado que pasta en vegetaci\u00f3n diversa tiene acceso a una dieta equilibrada, lo que mejora su bienestar general. Adem\u00e1s, la libertad de vagar y pastar libremente reduce el estr\u00e9s y los problemas de comportamiento com\u00fanmente asociados con los animales confinados.<\/p><p><strong>7.-Beneficios econ\u00f3micos para los agricultores<\/strong><\/p><p>M\u00e1s all\u00e1 de las ventajas ambientales, el pastoreo no selectivo tambi\u00e9n puede generar beneficios econ\u00f3micos para los agricultores. Al implementar pr\u00e1cticas de pastoreo regenerativo, los agricultores pueden reducir los costos de insumos en fertilizantes y pesticidas mientras mejoran la fertilidad del suelo, lo que lleva a un aumento del rendimiento de los cultivos con el tiempo. Adem\u00e1s, la adopci\u00f3n de pr\u00e1cticas sostenibles a menudo abre nuevas oportunidades de mercado para los consumidores conscientes del medio ambiente, lo que puede aumentar los ingresos agr\u00edcolas.<\/p>\t\t\t\t\t\t<\/div>\n\t\t\t\t<\/div>\n\t\t\t\t\t<\/div>\n\t\t<\/div>\n\t\t\t\t\t\t\t<\/div>\n\t\t<\/section>\n\t\t\t\t<div class=\"elementor-element elementor-element-fb068db elementor-widget elementor-widget-text-editor\" data-id=\"fb068db\" data-element_type=\"widget\" data-widget_type=\"text-editor.default\">\n\t\t\t\t<div class=\"elementor-widget-container\">\n\t\t\t\t\t\t\t<p>En conclusi\u00f3n, el pastoreo no selectivo surge como una pr\u00e1ctica revolucionaria en la agricultura regenerativa. Su capacidad para mejorar la salud del suelo, promover la biodiversidad, controlar malezas y plagas, secuestrar carbono, mejorar el bienestar animal y ofrecer ventajas econ\u00f3micas lo convierte en una opci\u00f3n convincente para los agricultores que buscan sistemas agr\u00edcolas sostenibles y rentables. A medida que avanzamos hacia un futuro con mayor conciencia ecol\u00f3gica, adoptar el pastoreo no selectivo podr\u00eda desempe\u00f1ar un papel fundamental en la creaci\u00f3n de un paisaje agr\u00edcola m\u00e1s saludable y resistente.<\/p>\t\t\t\t\t\t<\/div>\n\t\t\t\t<\/div>\n\t\t\t\t\t<\/div>\n\t\t<\/div>\n\t\t\t\t\t\t\t<\/div>\n\t\t<\/section>\n\t\t\t\t\t\t\t<\/div>\n\t\t","protected":false},"excerpt":{"rendered":"<p>&#8220;Los beneficios de implementar el pastoreo no selectivo para la agricultura regenerativa&#8221; En el \u00e1mbito de la agricultura regenerativa, existe una pr\u00e1ctica poderosa y transformadora conocida como pastoreo no selectivo. Este enfoque de la gesti\u00f3n del ganado ofrece numerosos beneficios tanto para el medio ambiente como para la industria agr\u00edcola. En este completo art\u00edculo, profundizaremos &hellip;<\/p>\n<p class=\"read-more\"> <a class=\"\" href=\"https:\/\/ranchoelesfuerzo.com\/index.php\/pastoreo-no-selectivo\/\"> <span class=\"screen-reader-text\">Pastoreo &#8220;No Selectivo&#8221;<\/span> Read More &raquo;<\/a><\/p>\n","protected":false},"author":1,"featured_media":0,"parent":0,"menu_order":0,"comment_status":"closed","ping_status":"closed","template":"","meta":{"om_disable_all_campaigns":false,"_monsterinsights_skip_tracking":false,"_monsterinsights_sitenote_active":false,"_monsterinsights_sitenote_note":"","_monsterinsights_sitenote_category":0,"_uf_show_specific_survey":0,"_uf_disable_surveys":false,"site-sidebar-layout":"no-sidebar","site-content-layout":"page-builder","ast-global-header-display":"","ast-banner-title-visibility":"","ast-main-header-display":"","ast-hfb-above-header-display":"","ast-hfb-below-header-display":"","ast-hfb-mobile-header-display":"","site-post-title":"disabled","ast-breadcrumbs-content":"","ast-featured-img":"disabled","footer-sml-layout":"","theme-transparent-header-meta":"","adv-header-id-meta":"","stick-header-meta":"","header-above-stick-meta":"","header-main-stick-meta":"","header-below-stick-meta":"","footnotes":""},"aioseo_notices":[],"_links":{"self":[{"href":"https:\/\/ranchoelesfuerzo.com\/index.php\/wp-json\/wp\/v2\/pages\/623"}],"collection":[{"href":"https:\/\/ranchoelesfuerzo.com\/index.php\/wp-json\/wp\/v2\/pages"}],"about":[{"href":"https:\/\/ranchoelesfuerzo.com\/index.php\/wp-json\/wp\/v2\/types\/page"}],"author":[{"embeddable":true,"href":"https:\/\/ranchoelesfuerzo.com\/index.php\/wp-json\/wp\/v2\/users\/1"}],"replies":[{"embeddable":true,"href":"https:\/\/ranchoelesfuerzo.com\/index.php\/wp-json\/wp\/v2\/comments?post=623"}],"version-history":[{"count":4,"href":"https:\/\/ranchoelesfuerzo.com\/index.php\/wp-json\/wp\/v2\/pages\/623\/revisions"}],"predecessor-version":[{"id":627,"href":"https:\/\/ranchoelesfuerzo.com\/index.php\/wp-json\/wp\/v2\/pages\/623\/revisions\/627"}],"wp:attachment":[{"href":"https:\/\/ranchoelesfuerzo.com\/index.php\/wp-json\/wp\/v2\/media?parent=623"}],"curies":[{"name":"wp","href":"https:\/\/api.w.org\/{rel}","templated":true}]}}